{"id":186,"date":"2022-02-09T15:51:25","date_gmt":"2022-02-09T15:51:25","guid":{"rendered":"https:\/\/pacier.org.py\/?page_id=186"},"modified":"2022-02-09T17:11:08","modified_gmt":"2022-02-09T17:11:08","slug":"pacier","status":"publish","type":"page","link":"https:\/\/pacier.org.py\/index.php\/pacier\/","title":{"rendered":"PACIER"},"content":{"rendered":"<p>[et_pb_section fb_built=\u00bb1&#8243; specialty=\u00bbon\u00bb _builder_version=\u00bb4.14.5&#8243; _module_preset=\u00bbdefault\u00bb custom_padding=\u00bb||3px|||\u00bb global_colors_info=\u00bb{}\u00bb][et_pb_column type=\u00bb1_2&#8243; _builder_version=\u00bb3.25&#8243; custom_padding=\u00bb|||\u00bb global_colors_info=\u00bb{}\u00bb custom_padding__hover=\u00bb|||\u00bb][et_pb_image src=\u00bbhttps:\/\/pacier.org.py\/wp-content\/uploads\/2022\/02\/cecacier.png\u00bb title_text=\u00bbcecacier\u00bb align=\u00bbcenter\u00bb _builder_version=\u00bb4.14.5&#8243; _module_preset=\u00bbdefault\u00bb height=\u00bb450px\u00bb global_colors_info=\u00bb{}\u00bb][\/et_pb_image][\/et_pb_column][et_pb_column type=\u00bb1_2&#8243; specialty_columns=\u00bb2&#8243; _builder_version=\u00bb3.25&#8243; custom_padding=\u00bb|||\u00bb global_colors_info=\u00bb{}\u00bb custom_padding__hover=\u00bb|||\u00bb][et_pb_row_inner _builder_version=\u00bb4.14.5&#8243; _module_preset=\u00bbdefault\u00bb global_colors_info=\u00bb{}\u00bb][et_pb_column_inner saved_specialty_column_type=\u00bb1_2&#8243; _builder_version=\u00bb4.14.5&#8243; _module_preset=\u00bbdefault\u00bb global_colors_info=\u00bb{}\u00bb][et_pb_text _builder_version=\u00bb4.14.5&#8243; _module_preset=\u00bbdefault\u00bb text_font=\u00bb|700|||||||\u00bb text_text_color=\u00bb#FFFFFF\u00bb text_font_size=\u00bb16px\u00bb background_color=\u00bb#d13321&#8243; custom_padding=\u00bb30px|30px|30px|30px|true|true\u00bb border_radii=\u00bbon|7px|7px|7px|7px\u00bb global_colors_info=\u00bb{}\u00bb]<\/p>\n<p>Es una organizaci\u00f3n que re\u00fane empresas y organismos del sector energ\u00e9tico paraguayo como Entidades miembros, as\u00ed como a entidades asociadas y a entidades vinculadas.<\/p>\n<p>[\/et_pb_text][et_pb_text _builder_version=\u00bb4.14.5&#8243; _module_preset=\u00bbdefault\u00bb text_font=\u00bb|700|||||||\u00bb text_text_color=\u00bb#FFFFFF\u00bb background_color=\u00bbRGBA(255,255,255,0)\u00bb custom_padding=\u00bb20px||0px||false|false\u00bb border_radii=\u00bbon|7px|7px|7px|7px\u00bb global_colors_info=\u00bb{}\u00bb]<\/p>\n<h1 style=\"text-align: center;\"><strong>Tiene como misi\u00f3n<\/strong><\/h1>\n<p>[\/et_pb_text][\/et_pb_column_inner][\/et_pb_row_inner][et_pb_row_inner column_structure=\u00bb1_2,1_2&#8243; _builder_version=\u00bb4.14.5&#8243; _module_preset=\u00bbdefault\u00bb global_colors_info=\u00bb{}\u00bb][et_pb_column_inner type=\u00bb1_2&#8243; saved_specialty_column_type=\u00bb1_2&#8243; _builder_version=\u00bb4.14.5&#8243; _module_preset=\u00bbdefault\u00bb global_colors_info=\u00bb{}\u00bb][et_pb_text _builder_version=\u00bb4.14.5&#8243; _module_preset=\u00bbdefault\u00bb global_colors_info=\u00bb{}\u00bb]<\/p>\n<ul>\n<li>Vincular a las empresas organismos del sector energ\u00e9tico de la Republica del Paraguay entre s\u00ed y con otras asociaciones similares, de car\u00e1cter nacional e internacional, en\u00a0general, y en particular con la Comisi\u00f3n de Integraci\u00f3n Energ\u00e9tica Regional (CIER).<\/li>\n<\/ul>\n<p>[\/et_pb_text][\/et_pb_column_inner][et_pb_column_inner type=\u00bb1_2&#8243; saved_specialty_column_type=\u00bb1_2&#8243; _builder_version=\u00bb4.14.5&#8243; _module_preset=\u00bbdefault\u00bb global_colors_info=\u00bb{}\u00bb][et_pb_text _builder_version=\u00bb4.14.5&#8243; _module_preset=\u00bbdefault\u00bb global_colors_info=\u00bb{}\u00bb]<\/p>\n<ul>\n<li>Participar en ellas, coordinar y hacer ejecutar las tareas que se le encomienden en su condici\u00f3n de participante en tales asociaciones, as\u00ed tambi\u00e9n promover y favorecer la integraci\u00f3n del sector el\u00e9ctrico paraguayo y regional mediante acciones que tiendan a lograr, entre otros:<\/li>\n<\/ul>\n<p>[\/et_pb_text][\/et_pb_column_inner][\/et_pb_row_inner][\/et_pb_column][\/et_pb_section][et_pb_section fb_built=\u00bb1&#8243; _builder_version=\u00bb4.14.5&#8243; _module_preset=\u00bbdefault\u00bb custom_padding=\u00bb2px|||||\u00bb global_colors_info=\u00bb{}\u00bb][et_pb_row _builder_version=\u00bb4.14.5&#8243; _module_preset=\u00bbdefault\u00bb background_color=\u00bb#231f20&#8243; custom_padding=\u00bb|20px||20px|false|false\u00bb border_radii=\u00bbon|7px|7px|7px|7px\u00bb global_colors_info=\u00bb{}\u00bb][et_pb_column type=\u00bb4_4&#8243; _builder_version=\u00bb4.14.5&#8243; _module_preset=\u00bbdefault\u00bb global_colors_info=\u00bb{}\u00bb][et_pb_text _builder_version=\u00bb4.14.5&#8243; _module_preset=\u00bbdefault\u00bb text_font=\u00bb|700|||||||\u00bb text_text_color=\u00bb#FFFFFF\u00bb global_colors_info=\u00bb{}\u00bb]<\/p>\n<ol>\n<li>La mayor eficiencia de las empresas y organismos que se ocupan del servicio energ\u00e9tico del pa\u00eds.<\/li>\n<li>La asistencia y cooperaci\u00f3n t\u00e9cnica entre las empresas y organismos.<\/li>\n<li>La formaci\u00f3n y la capacitaci\u00f3n del personal en todos los niveles.<\/li>\n<li>La trasferencia de conocimiento, informaci\u00f3n, experiencias y estudios en los campos t\u00e9cnicos, econ\u00f3micos y jur\u00eddico, entre otros.<\/li>\n<li>El desarrollo de proyectos con alcance nacional e internacional, teniendo en cuenta el objetivo de la integraci\u00f3n energ\u00e9tica regional.<\/li>\n<li>La orientaci\u00f3n y coordinaci\u00f3n de las actividades de inter\u00e9s com\u00fan para las empresas y organismos del sector, incluso en los campos de la investigaci\u00f3n y desarrollo.<\/li>\n<li>La adopci\u00f3n de especificaciones generales, regulaciones y normas t\u00e9cnicas arm\u00f3nicas.<\/li>\n<li>La utilizaci\u00f3n preferente de t\u00e9cnicos y tecnolog\u00edas del pa\u00eds y de la regi\u00f3n.<\/li>\n<li>El formato de la unidad estadista del pa\u00eds, consolid\u00e1ndola con el funcionamiento de un banco de datos permanente actualizado.<\/li>\n<li>El uso racional de la energ\u00eda a efectos de, entre otros, la optimizaci\u00f3n del equipamiento y operaci\u00f3n de las empresas, del ahorro de recursos energ\u00e9ticos y de las inversiones de infraestructura.<\/li>\n<li>El empleo sustentable y sostenible de la energ\u00eda en el pa\u00eds, con especial cuidado al medio ambiente y \u00e9nfasis en el desarrollo econ\u00f3mico.<\/li>\n<\/ol>\n<p>[\/et_pb_text][\/et_pb_column][\/et_pb_row][\/et_pb_section][et_pb_section fb_built=\u00bb1&#8243; admin_label=\u00bbLogos\u00bb _builder_version=\u00bb3.27&#8243; z_index=\u00bb1&#8243; custom_padding=\u00bb||0px|||\u00bb global_colors_info=\u00bb{}\u00bb global_module=\u00bb220&#8243; theme_builder_area=\u00bbpost_content\u00bb][et_pb_row _builder_version=\u00bb4.14.5&#8243; _module_preset=\u00bbdefault\u00bb global_colors_info=\u00bb{}\u00bb theme_builder_area=\u00bbpost_content\u00bb][et_pb_column type=\u00bb4_4&#8243; _builder_version=\u00bb4.14.5&#8243; _module_preset=\u00bbdefault\u00bb global_colors_info=\u00bb{}\u00bb theme_builder_area=\u00bbpost_content\u00bb][et_pb_text _builder_version=\u00bb4.14.5&#8243; _module_preset=\u00bbdefault\u00bb text_font=\u00bbAssistant|700|||||||\u00bb text_text_color=\u00bb#231f20&#8243; text_font_size=\u00bb26px\u00bb global_colors_info=\u00bb{}\u00bb theme_builder_area=\u00bbpost_content\u00bb]<\/p>\n<p style=\"text-align: center;\">Miembros de PACIER<\/p>\n<p>[\/et_pb_text][\/et_pb_column][\/et_pb_row][et_pb_row column_structure=\u00bb1_5,1_5,1_5,1_5,1_5&#8243; use_custom_gutter=\u00bbon\u00bb gutter_width=\u00bb2&#8243; _builder_version=\u00bb3.26.7&#8243; width=\u00bb90%\u00bb max_width=\u00bb1280px\u00bb overflow-x=\u00bbvisible\u00bb overflow-y=\u00bbvisible\u00bb custom_margin_tablet=\u00bb30px||30px||true|false\u00bb custom_margin_phone=\u00bb\u00bb custom_margin_last_edited=\u00bbon|desktop\u00bb custom_padding=\u00bb0px||0px||true|\u00bb global_colors_info=\u00bb{}\u00bb max_width__hover_enabled=\u00bboff\u00bb theme_builder_area=\u00bbpost_content\u00bb][et_pb_column type=\u00bb1_5&#8243; _builder_version=\u00bb3.26.4&#8243; global_colors_info=\u00bb{}\u00bb theme_builder_area=\u00bbpost_content\u00bb][et_pb_image src=\u00bbhttps:\/\/pacier.org.py\/wp-content\/uploads\/2022\/01\/Vice-Ministerio-de-Minas-y-Energias-1.png\u00bb title_text=\u00bbVice Ministerio de Minas y Energias-1&#8243; align=\u00bbcenter\u00bb force_fullwidth=\u00bbon\u00bb _builder_version=\u00bb4.14.5&#8243; background_color=\u00bb#ffffff\u00bb animation_style=\u00bbzoom\u00bb border_width_all=\u00bb20px\u00bb border_color_all=\u00bbrgba(0,0,0,0)\u00bb box_shadow_style=\u00bbpreset3&#8243; box_shadow_horizontal=\u00bb13px\u00bb box_shadow_vertical=\u00bb38px\u00bb box_shadow_blur=\u00bb50px\u00bb box_shadow_spread=\u00bb0px\u00bb box_shadow_color=\u00bbrgba(133,143,175,0.2)\u00bb global_colors_info=\u00bb{}\u00bb theme_builder_area=\u00bbpost_content\u00bb][\/et_pb_image][\/et_pb_column][et_pb_column type=\u00bb1_5&#8243; _builder_version=\u00bb3.26.7&#8243; z_index=\u00bb10&#8243; global_colors_info=\u00bb{}\u00bb theme_builder_area=\u00bbpost_content\u00bb][et_pb_image src=\u00bbhttps:\/\/pacier.org.py\/wp-content\/uploads\/2022\/01\/itaipubinacional-2.png\u00bb title_text=\u00bbitaipubinacional-2&#8243; align=\u00bbcenter\u00bb force_fullwidth=\u00bbon\u00bb _builder_version=\u00bb4.14.5&#8243; background_color=\u00bb#ffffff\u00bb animation_style=\u00bbzoom\u00bb border_width_all=\u00bb20px\u00bb border_color_all=\u00bbrgba(0,0,0,0)\u00bb box_shadow_style=\u00bbpreset3&#8243; box_shadow_horizontal=\u00bb13px\u00bb box_shadow_vertical=\u00bb38px\u00bb box_shadow_blur=\u00bb50px\u00bb box_shadow_spread=\u00bb0px\u00bb box_shadow_color=\u00bbrgba(133,143,175,0.2)\u00bb global_colors_info=\u00bb{}\u00bb theme_builder_area=\u00bbpost_content\u00bb][\/et_pb_image][\/et_pb_column][et_pb_column type=\u00bb1_5&#8243; _builder_version=\u00bb3.26.4&#8243; global_colors_info=\u00bb{}\u00bb theme_builder_area=\u00bbpost_content\u00bb][et_pb_image src=\u00bbhttps:\/\/pacier.org.py\/wp-content\/uploads\/2022\/01\/eby-3.png\u00bb title_text=\u00bbeby-3&#8243; align=\u00bbcenter\u00bb force_fullwidth=\u00bbon\u00bb _builder_version=\u00bb4.14.5&#8243; background_color=\u00bb#ffffff\u00bb animation_style=\u00bbzoom\u00bb border_width_all=\u00bb20px\u00bb border_color_all=\u00bbrgba(0,0,0,0)\u00bb box_shadow_style=\u00bbpreset3&#8243; box_shadow_horizontal=\u00bb13px\u00bb box_shadow_vertical=\u00bb38px\u00bb box_shadow_blur=\u00bb50px\u00bb box_shadow_spread=\u00bb0px\u00bb box_shadow_color=\u00bbrgba(133,143,175,0.2)\u00bb global_colors_info=\u00bb{}\u00bb theme_builder_area=\u00bbpost_content\u00bb][\/et_pb_image][\/et_pb_column][et_pb_column type=\u00bb1_5&#8243; _builder_version=\u00bb3.26.4&#8243; global_colors_info=\u00bb{}\u00bb theme_builder_area=\u00bbpost_content\u00bb][et_pb_image src=\u00bbhttps:\/\/pacier.org.py\/wp-content\/uploads\/2022\/01\/ANDE-4.png\u00bb title_text=\u00bbANDE-4&#8243; align=\u00bbcenter\u00bb force_fullwidth=\u00bbon\u00bb _builder_version=\u00bb4.14.5&#8243; background_color=\u00bb#ffffff\u00bb animation_style=\u00bbzoom\u00bb border_width_all=\u00bb20px\u00bb border_color_all=\u00bbrgba(0,0,0,0)\u00bb box_shadow_style=\u00bbpreset3&#8243; box_shadow_horizontal=\u00bb13px\u00bb box_shadow_vertical=\u00bb38px\u00bb box_shadow_blur=\u00bb50px\u00bb box_shadow_spread=\u00bb0px\u00bb box_shadow_color=\u00bbrgba(133,143,175,0.2)\u00bb global_colors_info=\u00bb{}\u00bb theme_builder_area=\u00bbpost_content\u00bb][\/et_pb_image][\/et_pb_column][et_pb_column type=\u00bb1_5&#8243; _builder_version=\u00bb3.26.4&#8243; global_colors_info=\u00bb{}\u00bb theme_builder_area=\u00bbpost_content\u00bb][et_pb_image src=\u00bbhttps:\/\/pacier.org.py\/wp-content\/uploads\/2022\/01\/CLYFSA-5.png\u00bb title_text=\u00bbCLYFSA-5&#8243; align=\u00bbcenter\u00bb force_fullwidth=\u00bbon\u00bb _builder_version=\u00bb4.14.5&#8243; background_color=\u00bb#ffffff\u00bb animation_style=\u00bbzoom\u00bb border_width_all=\u00bb20px\u00bb border_color_all=\u00bbrgba(0,0,0,0)\u00bb box_shadow_style=\u00bbpreset3&#8243; box_shadow_horizontal=\u00bb13px\u00bb box_shadow_vertical=\u00bb38px\u00bb box_shadow_blur=\u00bb50px\u00bb box_shadow_spread=\u00bb0px\u00bb box_shadow_color=\u00bbrgba(133,143,175,0.2)\u00bb global_colors_info=\u00bb{}\u00bb theme_builder_area=\u00bbpost_content\u00bb][\/et_pb_image][\/et_pb_column][\/et_pb_row][\/et_pb_section]<\/p>\n","protected":false},"excerpt":{"rendered":"<p>Es una organizaci\u00f3n que re\u00fane empresas y organismos del sector energ\u00e9tico paraguayo como Entidades miembros, as\u00ed como a entidades asociadas y a entidades vinculadas.Tiene como misi\u00f3n Vincular a las empresas organismos del sector energ\u00e9tico de la Republica del Paraguay entre s\u00ed y con otras asociaciones similares, de car\u00e1cter nacional e internacional, en\u00a0general, y en particular [&hellip;]<\/p>\n","protected":false},"author":1,"featured_media":0,"parent":0,"menu_order":0,"comment_status":"closed","ping_status":"closed","template":"","meta":{"_et_pb_use_builder":"on","_et_pb_old_content":"","_et_gb_content_width":"","footnotes":""},"class_list":["post-186","page","type-page","status-publish","hentry"],"_links":{"self":[{"href":"https:\/\/pacier.org.py\/index.php\/wp-json\/wp\/v2\/pages\/186","targetHints":{"allow":["GET"]}}],"collection":[{"href":"https:\/\/pacier.org.py\/index.php\/wp-json\/wp\/v2\/pages"}],"about":[{"href":"https:\/\/pacier.org.py\/index.php\/wp-json\/wp\/v2\/types\/page"}],"author":[{"embeddable":true,"href":"https:\/\/pacier.org.py\/index.php\/wp-json\/wp\/v2\/users\/1"}],"replies":[{"embeddable":true,"href":"https:\/\/pacier.org.py\/index.php\/wp-json\/wp\/v2\/comments?post=186"}],"version-history":[{"count":4,"href":"https:\/\/pacier.org.py\/index.php\/wp-json\/wp\/v2\/pages\/186\/revisions"}],"predecessor-version":[{"id":222,"href":"https:\/\/pacier.org.py\/index.php\/wp-json\/wp\/v2\/pages\/186\/revisions\/222"}],"wp:attachment":[{"href":"https:\/\/pacier.org.py\/index.php\/wp-json\/wp\/v2\/media?parent=186"}],"curies":[{"name":"wp","href":"https:\/\/api.w.org\/{rel}","templated":true}]}}