{"id":197,"date":"2022-02-09T16:29:41","date_gmt":"2022-02-09T16:29:41","guid":{"rendered":"https:\/\/pacier.org.py\/?page_id=197"},"modified":"2022-02-09T18:10:51","modified_gmt":"2022-02-09T18:10:51","slug":"acerca-de-cier","status":"publish","type":"page","link":"https:\/\/pacier.org.py\/index.php\/acerca-de-cier\/","title":{"rendered":"Acerca de CIER"},"content":{"rendered":"<p>[et_pb_section fb_built=\u00bb1&#8243; _builder_version=\u00bb4.14.5&#8243; _module_preset=\u00bbdefault\u00bb custom_padding=\u00bb||1px|||\u00bb global_colors_info=\u00bb{}\u00bb][et_pb_row column_structure=\u00bb1_4,3_4&#8243; _builder_version=\u00bb4.14.5&#8243; _module_preset=\u00bbdefault\u00bb global_colors_info=\u00bb{}\u00bb][et_pb_column type=\u00bb1_4&#8243; _builder_version=\u00bb4.14.5&#8243; _module_preset=\u00bbdefault\u00bb global_colors_info=\u00bb{}\u00bb][et_pb_image src=\u00bbhttps:\/\/pacier.org.py\/wp-content\/uploads\/2022\/02\/cier.png\u00bb title_text=\u00bbcier\u00bb align=\u00bbright\u00bb _builder_version=\u00bb4.14.5&#8243; _module_preset=\u00bbdefault\u00bb global_colors_info=\u00bb{}\u00bb][\/et_pb_image][\/et_pb_column][et_pb_column type=\u00bb3_4&#8243; _builder_version=\u00bb4.14.5&#8243; _module_preset=\u00bbdefault\u00bb global_colors_info=\u00bb{}\u00bb][et_pb_text _builder_version=\u00bb4.14.5&#8243; _module_preset=\u00bbdefault\u00bb custom_padding=\u00bb22px|||||\u00bb global_colors_info=\u00bb{}\u00bb]<\/p>\n<h1><strong>\u200bCIER &#8211; Comisi\u00f3n de Integraci\u00f3n Energ\u00e9tica Regional<\/strong><\/h1>\n<p>[\/et_pb_text][\/et_pb_column][\/et_pb_row][\/et_pb_section][et_pb_section fb_built=\u00bb1&#8243; specialty=\u00bbon\u00bb _builder_version=\u00bb4.14.5&#8243; _module_preset=\u00bbdefault\u00bb global_colors_info=\u00bb{}\u00bb][et_pb_column type=\u00bb1_2&#8243; specialty_columns=\u00bb2&#8243; _builder_version=\u00bb3.25&#8243; custom_padding=\u00bb|||\u00bb global_colors_info=\u00bb{}\u00bb custom_padding__hover=\u00bb|||\u00bb][et_pb_row_inner _builder_version=\u00bb4.14.5&#8243; _module_preset=\u00bbdefault\u00bb global_colors_info=\u00bb{}\u00bb][et_pb_column_inner saved_specialty_column_type=\u00bb1_2&#8243; _builder_version=\u00bb4.14.5&#8243; _module_preset=\u00bbdefault\u00bb global_colors_info=\u00bb{}\u00bb][et_pb_text _builder_version=\u00bb4.14.5&#8243; _module_preset=\u00bbdefault\u00bb text_font=\u00bb|700|||||||\u00bb text_font_size=\u00bb16px\u00bb global_colors_info=\u00bb{}\u00bb]<\/p>\n<p><strong><\/strong>Es una organizaci\u00f3n de car\u00e1cter internacional regional, de duraci\u00f3n ilimitada y\u00a0sin fines de lucro\u00a0que re\u00fane a empresas y\u00a0organismos del sector energ\u00e9tico de los Pa\u00edses Miembros, as\u00ed como tambi\u00e9n a los Miembros Asociados y Entidades Vinculadas.\u200b\u200b\u200b\u200b\u200b\u200b\u00a0<\/p>\n<p>La sede internacional de la CIER est\u00e1 ubicada en Montevideo,\u00a0Uruguay. Cada pa\u00eds miembro se encuentra representado por un Comit\u00e9 Nacional y en\u00a0Centroam\u00e9rica &#8211; El Caribe &#8211; por un Comit\u00e9 Re\u200b\u200b\u200bgional.<\/p>\n<p>[\/et_pb_text][\/et_pb_column_inner][\/et_pb_row_inner][et_pb_row_inner column_structure=\u00bb1_2,1_2&#8243; _builder_version=\u00bb4.14.5&#8243; _module_preset=\u00bbdefault\u00bb background_color=\u00bb#e8e645&#8243; custom_padding=\u00bb|20px||20px|false|false\u00bb border_radii=\u00bbon|7px|7px|7px|7px\u00bb global_colors_info=\u00bb{}\u00bb][et_pb_column_inner type=\u00bb1_2&#8243; saved_specialty_column_type=\u00bb1_2&#8243; _builder_version=\u00bb4.14.5&#8243; _module_preset=\u00bbdefault\u00bb global_colors_info=\u00bb{}\u00bb][et_pb_text _builder_version=\u00bb4.14.5&#8243; _module_preset=\u00bbdefault\u00bb text_font=\u00bb|600|||||||\u00bb text_text_color=\u00bb#000000&#8243; global_colors_info=\u00bb{}\u00bb]<\/p>\n<p><span><strong>Ob<\/strong><\/span><span><strong>jetivo<\/strong><\/span><\/p>\n<p><span>Promover y favorecer la integraci\u00f3n del Sector Energ\u00e9tico en la regi\u00f3n a trav\u00e9s de la cooperaci\u00f3n mutua entre sus asociados.<\/span><\/p>\n<p>[\/et_pb_text][\/et_pb_column_inner][et_pb_column_inner type=\u00bb1_2&#8243; saved_specialty_column_type=\u00bb1_2&#8243; _builder_version=\u00bb4.14.5&#8243; _module_preset=\u00bbdefault\u00bb global_colors_info=\u00bb{}\u00bb][et_pb_text _builder_version=\u00bb4.14.5&#8243; _module_preset=\u00bbdefault\u00bb text_font=\u00bb|600|||||||\u00bb text_text_color=\u00bb#000000&#8243; global_colors_info=\u00bb{}\u00bb]<\/p>\n<p><strong>Valores<\/strong><\/p>\n<p>Cooperaci\u00f3n Solidaria, Compromiso, Pluralidad, Confianza y Confiabilidad y\u00a0Trabajo Colaborativo.<\/p>\n<p>[\/et_pb_text][\/et_pb_column_inner][\/et_pb_row_inner][et_pb_row_inner column_structure=\u00bb1_2,1_2&#8243; _builder_version=\u00bb4.14.5&#8243; _module_preset=\u00bbdefault\u00bb background_color=\u00bb#1b894a\u00bb custom_margin=\u00bb15px||||false|false\u00bb custom_padding=\u00bb|20px||20px|false|false\u00bb border_radii=\u00bbon|7px|7px|7px|7px\u00bb global_colors_info=\u00bb{}\u00bb][et_pb_column_inner type=\u00bb1_2&#8243; saved_specialty_column_type=\u00bb1_2&#8243; _builder_version=\u00bb4.14.5&#8243; _module_preset=\u00bbdefault\u00bb global_colors_info=\u00bb{}\u00bb][et_pb_text _builder_version=\u00bb4.14.5&#8243; _module_preset=\u00bbdefault\u00bb text_text_color=\u00bb#FFFFFF\u00bb global_colors_info=\u00bb{}\u00bb]<\/p>\n<p><strong>Visi\u00f3n<\/strong><\/p>\n<p>Ser\u00a0una organizaci\u00f3n de referencia global, reconocida por su aporte a la integraci\u00f3n y al desarrollo del sector energ\u00e9tico latinoamericano.<\/p>\n<p>[\/et_pb_text][\/et_pb_column_inner][et_pb_column_inner type=\u00bb1_2&#8243; saved_specialty_column_type=\u00bb1_2&#8243; _builder_version=\u00bb4.14.5&#8243; _module_preset=\u00bbdefault\u00bb global_colors_info=\u00bb{}\u00bb][et_pb_text _builder_version=\u00bb4.14.5&#8243; _module_preset=\u00bbdefault\u00bb text_text_color=\u00bb#FFFFFF\u00bb global_colors_info=\u00bb{}\u00bb]<\/p>\n<p><strong>Misi\u00f3n<\/strong><\/p>\n<p>Promover e impulsar la integraci\u00f3n del Sector Energ\u00e9tico Regional con \u00e9nfasis en la interconexi\u00f3n de los sistemas el\u00e9ctricos y los intercambios comerciales, la cooperaci\u00f3n mutua entre sus asociados, la gesti\u00f3n del conocimiento y la promoci\u00f3n de negocios sustentables.<\/p>\n<p>[\/et_pb_text][\/et_pb_column_inner][\/et_pb_row_inner][\/et_pb_column][et_pb_column type=\u00bb1_2&#8243; _builder_version=\u00bb3.25&#8243; custom_padding=\u00bb|||\u00bb global_colors_info=\u00bb{}\u00bb custom_padding__hover=\u00bb|||\u00bb][et_pb_image src=\u00bbhttps:\/\/pacier.org.py\/wp-content\/uploads\/2022\/02\/edificio-CIER.jpg\u00bb title_text=\u00bbedificio CIER\u00bb align=\u00bbcenter\u00bb _builder_version=\u00bb4.14.5&#8243; _module_preset=\u00bbdefault\u00bb global_colors_info=\u00bb{}\u00bb][\/et_pb_image][et_pb_text _builder_version=\u00bb4.14.5&#8243; _module_preset=\u00bbdefault\u00bb global_colors_info=\u00bb{}\u00bb]<\/p>\n<p style=\"text-align: center;\"><a href=\"https:\/\/www.cier.org\/\" target=\"_blank\" rel=\"noopener\"><strong>Acceder a sitio web de CIER<\/strong><\/a><\/p>\n<p>[\/et_pb_text][\/et_pb_column][\/et_pb_section][et_pb_section fb_built=\u00bb1&#8243; theme_builder_area=\u00bbpost_content\u00bb _builder_version=\u00bb4.14.5&#8243; _module_preset=\u00bbdefault\u00bb][et_pb_row _builder_version=\u00bb4.14.5&#8243; _module_preset=\u00bbdefault\u00bb theme_builder_area=\u00bbpost_content\u00bb][et_pb_column _builder_version=\u00bb4.14.5&#8243; _module_preset=\u00bbdefault\u00bb type=\u00bb4_4&#8243; theme_builder_area=\u00bbpost_content\u00bb][et_pb_accordion _builder_version=\u00bb4.14.5&#8243; _module_preset=\u00bbdefault\u00bb theme_builder_area=\u00bbpost_content\u00bb hover_enabled=\u00bb0&#8243; sticky_enabled=\u00bb0&#8243;][et_pb_accordion_item title=\u00bbHistoria\u00bb _builder_version=\u00bb4.14.5&#8243; _module_preset=\u00bbdefault\u00bb theme_builder_area=\u00bbpost_content\u00bb open=\u00bboff\u00bb hover_enabled=\u00bb0&#8243; sticky_enabled=\u00bb0&#8243;]<\/p>\n<div><span>La<\/span><span>\u00a0Comisi\u00f3n de Integraci\u00f3n Energ\u00e9tica Regional se cre\u00f3 el 10 de julio de 1964 basada en una propuesta aprobada durante el Primer Congreso de Integraci\u00f3n El\u00e9ctrica Regional, llevado a cabo en Montevideo por iniciativa de las autoridades\u200b del sector el\u00e9ctrico uruguayo (UTE \u2013 Usinas El\u00e9ctricas y Tel\u00e9fonos del Estado).<\/span><\/div>\n<div><span>\u00a0<\/span><\/div>\n<div>\n<div><span>Este ente aut\u00f3nomo estatal, consider\u00f3 que hab\u00eda llegado el momento en que sus plantas generadoras y su red de alta tensi\u00f3n alcanzaran la importancia suficiente como para que las futuras expansiones de sus instalaciones debieran realizarse teniendo en cuenta las posibilidades de intercambiar energ\u00eda con los pa\u00edses vecinos.\u00a0<\/span><\/div>\n<div>\n<div><\/div>\n<div><span>Consecuente con ello, las futuras instalaciones de centrales y l\u00edneas de interconexi\u00f3n, deber\u00edan referirse a los planes de econom\u00eda regional dentro del Continente.<\/span><\/div>\n<p><span><br \/><\/span><\/div>\n<div>\n<div><span><img decoding=\"async\" src=\"https:\/\/www.cier.org\/es-uy\/PublishingImages\/Paginas\/Historia\/47.jpg\" alt=\"47.jpg\" class=\"ms-rtePosition-1 ms-rteImage-2\" \/><\/span><\/div>\n<div><span><img decoding=\"async\" src=\"https:\/\/www.cier.org\/es-uy\/PublishingImages\/Paginas\/Historia\/49.jpg\" alt=\"49.jpg\" class=\"ms-rtePosition-2 ms-rteImage-2\" \/><\/span><\/div>\n<div><span>\u00a0<\/span><\/div>\n<div><span>\u00a0<\/span><\/div>\n<div><span>\u00a0<\/span><\/div>\n<div><span>\u00a0<\/span><\/div>\n<div><span>\u00a0<\/span><\/div>\n<div><span>\u00a0<\/span><\/div>\n<div><span>\u00a0<\/span><\/div>\n<div><span>\u00a0<\/span><\/div>\n<div><span>\u00a0<\/span><\/div>\n<div><span>\u00a0<\/span><\/div>\n<div><span>\u00a0<\/span><\/div>\n<\/div>\n<div>\n<div>\n<div><span>Bas\u00e1ndose en experiencias europeas, el Directorio de UTE y sus t\u00e9cnicos consideraron que era el momento oportuno para intensificar los esfuerzos y desarrollar una integraci\u00f3n el\u00e9ctrica regional que permitiera el abastecimiento de energ\u00eda el\u00e9ctrica en las condiciones m\u00e1s econ\u00f3micas de inversi\u00f3n y explotaci\u00f3n.\u00a0<\/span><\/div>\n<div><span>\u00a0<\/span><\/div>\n<div><span>F<\/span><span>ue as\u00ed que en julio de<\/span><span>\u00a01964 se celebr\u00f3 el primer Congreso de Integraci\u00f3n El\u00e9ctrica Regional, cuyo objetivo era estrechar v\u00ednculos entre empresas similares de los pa\u00edses de la regi\u00f3n generando una estructura regional de planes e intercambio de experiencias y conocimientos.\u00a0<\/span><\/div>\n<\/div>\n<div><\/div>\n<div>\n<div><img decoding=\"async\" src=\"https:\/\/www.cier.org\/es-uy\/PublishingImages\/Paginas\/Historia\/45.jpg\" alt=\"45.jpg\" class=\"ms-rtePosition-1 ms-rteImage-2\" \/><\/div>\n<div><span>Ante el c\u00e1lido apoyo de los pa\u00edses participantes &#8211; Argentina, Brasil, Bolivia, Chile, Paraguay y Uruguay \u2013 y su fuerte necesidad de colaboraci\u00f3n, se da origen a la CIER &#8211;\u00a0<strong>Comisi\u00f3n de Integraci\u00f3n El\u00e9ctrica Regional<\/strong>\u00a0&#8211; que comienza a funcionar de forma operativa en 1965.\u00a0<\/span><\/div>\n<div><span>\u00a0<\/span><\/div>\n<div>\n<div><span>Posteriormente se incorporar\u00edan los dem\u00e1s pa\u00edses de<\/span><\/div>\n<div>\n<p>Am\u00e9rica del Sur: Colombia, Ecuador, Per\u00fa y\u200b Venezuela. A\u00f1os m\u00e1s tarde, ante el nacimiento de nuevas fuentes de energ\u00eda, la CIER cambia su nombre para<span>\u00a0<\/span><strong>Comisi\u00f3n\u00a0<\/strong><span><strong>de Integraci\u00f3n Energ\u00e9tica Regional.<\/strong><\/span><\/p>\n<p>En 2009 la CIER ampl\u00eda su alcance geogr\u00e1fico, con la creaci\u00f3n del Comit\u00e9 Regional de la CIER para Centroam\u00e9rica y El Caribe.<\/p>\n<\/div>\n<\/div>\n<\/div>\n<\/div>\n<\/div>\n<p>[\/et_pb_accordion_item][et_pb_accordion_item title=\u00bbDirectrices Estrat\u00e9gicas\u00bb _builder_version=\u00bb4.14.5&#8243; _module_preset=\u00bbdefault\u00bb theme_builder_area=\u00bbpost_content\u00bb open=\u00bbon\u00bb hover_enabled=\u00bb0&#8243; sticky_enabled=\u00bb0&#8243;]<\/p>\n<p><span class=\"ms-rteFontSize-2\">El objetivo de la organizaci\u00f3n es promover y favorecer la integraci\u00f3n del sector energ\u00e9tico en la regi\u00f3n a trav\u00e9s de la cooperaci\u00f3n mutua entre sus asociados,\u00a0\u200bmediante acciones que contribuyan a\u00a0lograr los objetivos establecidos:<\/span><\/p>\n<ul>\n<li>\n<p><span class=\"ms-rteFontSize-2\">\u200bEl desarrollo energ\u00e9tico sostenible en la Regi\u00f3n CIER, con especial \u00e9nfasis en la seguridad de suministro, el abastecimiento universal, la competitividad y calidad de los servicios.\u00a0<\/span><\/p>\n<\/li>\n<li>\n<p><span class=\"ms-rteFontSize-2\">\u00a0El desarrollo de marcos legales y regulatorios que faciliten tanto la expansi\u00f3n del sector energ\u00e9tico en los pa\u00edses de la Regi\u00f3n CIER, as\u00ed como el desarrollo de proyectos con alcance regional y mercados o transacciones de energ\u00eda regionales.<\/span><\/p>\n<\/li>\n<li>\n<p><span class=\"ms-rteFontSize-2\">La promoci\u00f3n de negocios entre sus afiliados.<\/span><\/p>\n<\/li>\n<li>\n<p><span class=\"ms-rteFontSize-2\">La mayor eficiencia y competitividad de las Empresas y Organismos de los Pa\u00edses Miembros.<\/span><\/p>\n<\/li>\n<li>\n<p><span class=\"ms-rteFontSize-2\">El uso racional y eficiente de la energ\u00eda a efectos, entre otros, de la optimizaci\u00f3n del equipamiento y operaci\u00f3n de las Empresas Miembros y terceros de la regi\u00f3n CIER.<\/span><\/p>\n<\/li>\n<li>\n<p><span class=\"ms-rteFontSize-2\">La adopci\u00f3n de normas y mejores pr\u00e1cticas medioambientales compatibles con el desarrollo sustentable de las fuentes de energ\u00eda e infraestructuras en los pa\u00edses de la Regi\u00f3n CIER.<\/span><\/p>\n<\/li>\n<li>\n<p><span class=\"ms-rteFontSize-2\">La asistencia y la cooperaci\u00f3n t\u00e9cnica entre sus afiliados que favorezca la integraci\u00f3n considerada en forma multidimensional.<\/span><\/p>\n<\/li>\n<li>\n<p><span class=\"ms-rteFontSize-2\">La formaci\u00f3n y capacitaci\u00f3n de personal en todos los niveles, y su intercambio entre sus afiliados, as\u00ed como de terceros.<\/span><\/p>\n<\/li>\n<li>\n<p><span class=\"ms-rteFontSize-2\">El intercambio de experiencias y el contacto entre profesionales de las Empresas y Organismos de la Regi\u00f3n CIER.<\/span><\/p>\n<\/li>\n<li>\n<p><span class=\"ms-rteFontSize-2\">La orientaci\u00f3n y la coordinaci\u00f3n de actividades de inter\u00e9s com\u00fan a sus afiliados, incluso en los campos de investigaci\u00f3n y desarrollo; en particular para la integraci\u00f3n.<\/span><\/p>\n<\/li>\n<li>\n<p><span class=\"ms-rteFontSize-2\">La adopci\u00f3n de especificaciones generales y normas t\u00e9cnicas y de calidad de servicio arm\u00f3nicas, con el fin de promover la integraci\u00f3n de los pa\u00eds\u200bes miembros y de ayudar en la normalizaci\u00f3n internacional del sector.<\/span><\/p>\n<\/li>\n<li>\n<p><span class=\"ms-rteFontSize-2\">Promover la uniformidad estad\u00edstica de la Regi\u00f3n, consolid\u00e1ndola con el funcionamiento de un Banco de Datos permanentemente actualizado. Particularmente ser referente en materia de informaci\u00f3n sobre integraci\u00f3n.\u200b\u200b<\/span><\/p>\n<\/li>\n<\/ul>\n<p>\u200b<\/p>\n<p><strong>Objetivos Estrat\u00e9gicos:<\/strong><\/p>\n<div><\/div>\n<div>\n<ul>\n<li>\n<p>Ser reconocidos como el organismo l\u00edder en la promoci\u00f3n de la integraci\u00f3n y seguridad eneg\u00e9tica en la regi\u00f3n\u00a0\u200b<img decoding=\"async\" src=\"https:\/\/www.cier.org\/es-uy\/PublishingImages\/Paginas\/Directrices-Estrategicas\/DSCN4317.JPG\" alt=\"DSCN4317.JPG\" class=\"ms-rtePosition-2 ms-rteImage-2\" \/>\u200b<\/p>\n<\/li>\n<li>\n<p>Lograr la satisfacci\u00f3n de las empresas e instituciones miembro en tiempo y forma<\/p>\n<\/li>\n<li>\n<p>Generar valor agregado y oportunidades de negocios para las empresas e instituciones miembro<\/p>\n<\/li>\n<li>\n<p>Desarrollar y expandir institucionalmente la organizaci\u00f3n<\/p>\n<\/li>\n<li>\n<p>Implementar un modelo de gesti\u00f3n del conocmiento que dinamice la generaci\u00f3n y difusi\u00f3n de conocimientos y experiencias entre todos los actores clave de la CIER<\/p>\n<\/li>\n<li>\n<p>Asegurar la sostenibilidad econ\u00f3mico-financiera de la CIER<\/p>\n<\/li>\n<\/ul>\n<\/div>\n<p>&nbsp;<\/p>\n<p><strong>Ejes Estrat\u00e9gicos:\u200b\u00a0<\/strong><\/p>\n<div><img decoding=\"async\" src=\"https:\/\/www.cier.org\/es-uy\/PublishingImages\/Paginas\/Directrices-Estrategicas\/LINEA_AT.jpg\" alt=\"LINEA_AT.jpg\" class=\"ms-rtePosition-1\" \/><span>&#8211; \u200b<\/span><span>Posicionamiento institucional<\/span><\/div>\n<div dir=\"ltr\">\n<p>&#8211; Promoci\u00f3n de la integraci\u00f3n energ\u00e9tica regional<\/p>\n<p>&#8211; Entendimiento de las necesidades por segmento<\/p>\n<p>&#8211; Redise\u00f1o del portafolio<\/p>\n<p>&#8211; Comercializaci\u00f3n del portafolio<\/p>\n<p>&#8211; Fortalecimiento instituciona<\/p>\n<p>&#8211; Gesti\u00f3n del conocimiento<\/p>\n<p>&#8211; Sostenibilidad econ\u00f3mico-financiera<\/p>\n<p>&#8211; Asociaciones estrat\u00e9gicas<\/p>\n<p>&#8211; Comunicaciones<\/p>\n<\/div>\n<p>[\/et_pb_accordion_item][et_pb_accordion_item title=\u00bbEstructura y Gobierno\u00bb _builder_version=\u00bb4.14.5&#8243; _module_preset=\u00bbdefault\u00bb theme_builder_area=\u00bbpost_content\u00bb hover_enabled=\u00bb0&#8243; sticky_enabled=\u00bb0&#8243;]<\/p>\n<div><strong class=\"ms-rteFontSize-2\">La CIER est\u00e1 conformada por<\/strong><span class=\"ms-rteFontSize-2\">:\u00a0<\/span><\/div>\n<div><span class=\"ms-rteFontSize-2\"><span><\/span><span><em>Comit\u00e9s Nacionales y Comit\u00e9 Regional, Miembros Asociados y Entidades Vinculadas.<\/em><\/span><\/span><\/div>\n<div><\/div>\n<div>\n<div><span class=\"ms-rteFontSize-2\"><span><\/span><strong>La Organizaci\u00f3n Administrativa de la CIER es:<\/strong><\/span><\/div>\n<div>\n<ul>\n<li>\n<p><span class=\"ms-rteFontSize-2\"><em>\u200b\u200b\u200b\u200b\u200b\u200bComit\u00e9 Cent\u200bral<\/em><\/span><\/p>\n<\/li>\n<li>\n<p><span class=\"ms-rteFontSize-2\"><em>\u200b\u200b\u200b\u200b\u200b\u200b\u200b\u200b\u200b\u200bPresidencia y Mesa Directiva<\/em><\/span><\/p>\n<\/li>\n<li>\n<p><span class=\"ms-rteFontSize-2\"><em>\u200b\u200b\u200b\u200b\u200b\u200b\u200b\u200b\u200b\u200bComit\u00e9s Nacionales y Regionales\u200b\u200b<\/em><\/span><\/p>\n<\/li>\n<li>\n<p><span class=\"ms-rteFontSize-2\"><em>\u200b\u200b\u200b\u200b\u200b\u200b\u200b\u200b\u200b\u200bSecretar\u00eda Ejecutiva<\/em><\/span><\/p>\n<\/li>\n<\/ul>\n<div>\n<p><span>La Organizaci\u00f3n T\u00e9cnica Operativa de CIER es la siguiente:<\/span><\/p>\n<ul>\n<li>\n<p>\u200b\u200b\u200b\u200b\u200b\u200b\u200b\u200bPlataformas Tem\u00e1ticas<\/p>\n<\/li>\n<li>\n<p>\u200b\u200b\u200b\u200b\u200b\u200b\u200b\u200b\u200b\u200bGrupos de Trabajo\u200b\u200b<\/p>\n<\/li>\n<\/ul>\n<\/div>\n<\/div>\n<div><a href=\"https:\/\/www.cier.org\/es-uy\/Documents\/organigrama2018.jpg\"><\/a><a href=\"https:\/\/www.cier.org\/es-uy\/Documents\/organigrama2018.jpg\"><\/a><a href=\"https:\/\/www.cier.org\/es-uy\/Documents\/organigrama2018.jpg\"><\/a><a href=\"https:\/\/www.cier.org\/es-uy\/Documents\/organigrama2018.jpg\"><\/a><a href=\"https:\/\/www.cier.org\/es-uy\/Paginas\/MesaDirectiva2022.png\" target=\"_blank\" rel=\"noopener\">Descargue aqu\u00ed la estructura o\u200b\u200b\u200b\u200brganizativa\u00a0\u200b\u200b\u200b\u200b\u200b\u200b\u200b<\/a>\u200b\u200b\u200b<\/div>\n<div>\u200b\u200b<\/div>\n<div>Descargue aqu\u00ed la estructura de la Secretar\u00eda Ejecutiva\u200b\u200b\u200b<\/div>\n<\/div>\n<p>[\/et_pb_accordion_item][et_pb_accordion_item title=\u00bbC\u00f3mo trabajamos\u00bb _builder_version=\u00bb4.14.5&#8243; _module_preset=\u00bbdefault\u00bb theme_builder_area=\u00bbpost_content\u00bb hover_enabled=\u00bb0&#8243; sticky_enabled=\u00bb0&#8243;]<\/p>\n<div><span>L<\/span><span>a\u00a0<\/span><span>CIER ha definido diferentes \u00e1reas t\u00e9cnicas hacia las cuales se orienta su accionar mediante sus productos: eventos, proyectos, capacitaci\u00f3n e informaci\u00f3n orientados hacia los procesos de Generaci\u00f3n, Transmisi\u00f3n, Distribuci\u00f3n, Comercializaci\u00f3n y \u00c1rea Corporativa.<\/span>\u200b<\/div>\n<div><img decoding=\"async\" src=\"https:\/\/www.cier.org\/es-uy\/PublishingImages\/Paginas\/Como-Trabajamos\/DSC00646.jpg\" alt=\"DSC00646.jpg\" \/><\/div>\n<div>\n<p>Algunos de los temas abarcados en cada \u00e1rea t\u00e9cnica son:<\/p>\n<p><span>Generaci\u00f3n<\/span><\/p>\n<p>Plantas T\u00e9rmicas \u2013 Energ\u00edas Renovables \u2013 Represas, embalses e hidrolog\u00eda operativa \u2013 Administraci\u00f3n Operaci\u00f3n y Mantenimiento en Generaci\u00f3n<\/p>\n<p><span>Transmisi\u00f3n<\/span><\/p>\n<p>Operaci\u00f3n y Administraci\u00f3n de Mercados \u2013 Atlas Energ\u00e9tico Latinoamericano \u2013 Administraci\u00f3n Operaci\u00f3n y Mantenimiento &#8211; Transmisi\u00f3n Transformadores y Reactores \u2013 Transporte con Tensi\u00f3n.<\/p>\n<p><span>Distribuci\u00f3n<\/span><\/p>\n<p>Calidad de servicio \u2013 Administraci\u00f3n Operaci\u00f3n y Mantenimiento en Distribuci\u00f3n \u2013 Eficiencia Energ\u00e9tica \u2013 Smart Grid \u2013 Formaci\u00f3n e Innovaci\u00f3n Tecnol\u00f3gica \u2013 Generaci\u00f3n Distribuida \u2013 Transporte El\u00e9ctrico \u2013 Mantenimiento en Distribuci\u00f3n \u2013 P\u00e9rdidas \u2013 Transporte con Tensi\u00f3n.<\/p>\n<p><span>Comercializaci\u00f3n<\/span><\/p>\n<p>Satisfacci\u00f3n de Clientes \u2013 Responsabilidad Social Empresarial (RSE) \u2013 Relacionamiento con los Clientes \u2013 Comunicaci\u00f3n.\u200b<\/p>\n<p><span>\u00c1rea Corporativa<\/span><\/p>\n<p>Regulaci\u00f3n y Supervisi\u00f3n \u2013 Licitaciones p\u00fablicas para la expansi\u00f3n de la generaci\u00f3n &#8211; Tarifas El\u00e9ctricas \u2013 Evaluaci\u00f3n financiera de Proyectos de Inversi\u00f3n \u2013 Recursos Humanos &#8211; Salud y Seguridad en el Trabajo \u2013 Precios de la Energ\u00eda \u2013\u00a0Medio Ambiente.\u200b<\/p>\n<\/div>\n<p>[\/et_pb_accordion_item][et_pb_accordion_item title=\u00bbMiembros de CIER\u00bb _builder_version=\u00bb4.14.5&#8243; _module_preset=\u00bbdefault\u00bb theme_builder_area=\u00bbpost_content\u00bb hover_enabled=\u00bb0&#8243; sticky_enabled=\u00bb0&#8243;]<\/p>\n<p><strong class=\"ms-rteThemeForeColor-5-4\">Miembros de CIER<\/strong><\/p>\n<p>\u200b\u200b<span>La\u00a0<\/span><span>CIER, Organismo No Gubernamental, cuenta con estado diplom\u00e1tico reconocido por Uruguay. Est\u00e1 integrada por empresas el\u00e9ctricas p\u00fablicas, privadas, mixtas de generaci\u00f3n, transmisi\u00f3n, distribuci\u00f3n, comercializaci\u00f3n, \u200b\u200b\u00a0entidades vinculadas (Autoridad Nacional de Servicios P\u00fablicos<\/span><span>&#8211; ASEP &#8211; de Panam\u00e1 y Administraci\u00f3n del Mercado El\u00e9ctrico\u00a0&#8211; ADME &#8211; de Uruguay) y organismos sin fines de lucro de los sectores el\u00e9ctricos nacionales de los pa\u00edses de Iberoam\u00e9rica.<\/span><\/p>\n<p><span><\/span><span>C<\/span><span>uenta en la actualidad con convenios colaborativos con Club Espa\u00f1ol de la Energ\u00eda \u2013 ENERCLUB &#8211; y la Asociaci\u00f3n Regional de Empresas del Sector Petr\u00f3leo, Gas y Biocombustibles en Latinoam\u00e9rica y El Caribe &#8211; ARPEL.\u200b<\/span><\/p>\n<blockquote>\n<p>&nbsp;<\/p>\n<p><span class=\"ms-rteThemeForeColor-5-0\">Empresas miembro seg\u00fan actividad:<span>\u00a0<\/span><\/span><span class=\"ms-rteThemeForeColor-5-0\">\u200b\u200b<\/span><\/p>\n<p><img decoding=\"async\" src=\"https:\/\/www.cier.org\/es-uy\/PublishingImages\/EmpresasMiembros_Agosto2019.png\" alt=\"\" \/>\u200b<\/p>\n<p dir=\"ltr\"><span><\/span><\/p>\n<\/blockquote>\n<div><\/div>\n<p>&nbsp;<\/p>\n<p dir=\"ltr\"><span>Otro<\/span><span>\u00a0tipo de organizaciones miembro:<\/span><\/p>\n<p>Holding de empresas: 5<\/p>\n<p>Gobierno (Ministerios y Secretar\u00edas): 14<\/p>\n<p>Operadores y Administradores de Mercado: 13<\/p>\n<p>Reguladores: 14<\/p>\n<p>Comercializadores: 2<\/p>\n<p>Asociaciones: 5<\/p>\n<p>Universidades e Institutos: 13<\/p>\n<p><strong class=\"ms-rteThemeForeColor-5-4\">Total:\u00a0241<\/strong><strong class=\"ms-rteThemeForeColor-5-4\"><\/strong><\/p>\n<p><strong class=\"ms-rteThemeForeColor-5-4\">Para ver el listado completo de las empresas miembro hacer click en el siguiente link:\u00a0\u200b\u200b\u200b\u200b\u200b\u200b<\/strong><\/p>\n<p><a href=\"https:\/\/www.cier.org\/es-uy\/Documents\/MiembrosCIER_Marzo2021.pdf\" target=\"_blank\" rel=\"noopener\">Empresas miembro CIER\u200b\u200b<\/a><\/p>\n<p>[\/et_pb_accordion_item][\/et_pb_accordion][\/et_pb_column][\/et_pb_row][\/et_pb_section]<\/p>\n","protected":false},"excerpt":{"rendered":"<p>\u200bCIER &#8211; Comisi\u00f3n de Integraci\u00f3n Energ\u00e9tica RegionalEs una organizaci\u00f3n de car\u00e1cter internacional regional, de duraci\u00f3n ilimitada y\u00a0sin fines de lucro\u00a0que re\u00fane a empresas y\u00a0organismos del sector energ\u00e9tico de los Pa\u00edses Miembros, as\u00ed como tambi\u00e9n a los Miembros Asociados y Entidades Vinculadas.\u200b\u200b\u200b\u200b\u200b\u200b\u00a0 La sede internacional de la CIER est\u00e1 ubicada en Montevideo,\u00a0Uruguay. Cada pa\u00eds miembro se [&hellip;]<\/p>\n","protected":false},"author":1,"featured_media":0,"parent":0,"menu_order":0,"comment_status":"closed","ping_status":"closed","template":"","meta":{"_et_pb_use_builder":"on","_et_pb_old_content":"","_et_gb_content_width":"","footnotes":""},"class_list":["post-197","page","type-page","status-publish","hentry"],"_links":{"self":[{"href":"https:\/\/pacier.org.py\/index.php\/wp-json\/wp\/v2\/pages\/197","targetHints":{"allow":["GET"]}}],"collection":[{"href":"https:\/\/pacier.org.py\/index.php\/wp-json\/wp\/v2\/pages"}],"about":[{"href":"https:\/\/pacier.org.py\/index.php\/wp-json\/wp\/v2\/types\/page"}],"author":[{"embeddable":true,"href":"https:\/\/pacier.org.py\/index.php\/wp-json\/wp\/v2\/users\/1"}],"replies":[{"embeddable":true,"href":"https:\/\/pacier.org.py\/index.php\/wp-json\/wp\/v2\/comments?post=197"}],"version-history":[{"count":4,"href":"https:\/\/pacier.org.py\/index.php\/wp-json\/wp\/v2\/pages\/197\/revisions"}],"predecessor-version":[{"id":241,"href":"https:\/\/pacier.org.py\/index.php\/wp-json\/wp\/v2\/pages\/197\/revisions\/241"}],"wp:attachment":[{"href":"https:\/\/pacier.org.py\/index.php\/wp-json\/wp\/v2\/media?parent=197"}],"curies":[{"name":"wp","href":"https:\/\/api.w.org\/{rel}","templated":true}]}}